{"id":1694,"date":"2022-03-13T15:21:58","date_gmt":"2022-03-13T15:21:58","guid":{"rendered":"https:\/\/yagmurokuldonatimlari.com\/?page_id=1694"},"modified":"2022-03-22T21:45:18","modified_gmt":"2022-03-22T21:45:18","slug":"1694-2","status":"publish","type":"page","link":"https:\/\/yagmurokuldonatimlari.com\/","title":{"rendered":"Anasayfa"},"content":{"rendered":"<p>[vc_row full_width=&#8221;stretch_row&#8221; css=&#8221;.vc_custom_1567775411720{margin-top: -30px !important;background-image: url(https:\/\/yagmurokuldonatimlari.com\/wp-content\/uploads\/blank-00cc00.png?id=18) !important;}&#8221;][vc_column][vc_row_inner css=&#8221;.vc_custom_1567143765880{margin-top: -70px !important;}&#8221;][vc_column_inner width=&#8221;1\/2&#8243; css=&#8221;.vc_custom_1568371354659{padding-right: 7px !important;padding-left: 7px !important;}&#8221; offset=&#8221;vc_col-lg-3 vc_col-md-3&#8243; custom_styles_portrait=&#8221;.vc_custom_1568371354665{padding-bottom: 15px !important;}&#8221;]<div id='rb_milestone_69da8a01ebab0' class='rb_milestone_module'><div class='milestone_wrapper style_advanced'><div class='milestone_content'><div class='milestone_icon'><i class=\"flaticon-target\"><\/i><\/div><div class='count_wrapper title_ff'><span class='counter'>109<\/span><span class='symbol'>+<\/span><\/div><p class='milestone_title'>Tamamlanan Proje<\/p><\/div><\/div><\/div>[\/vc_column_inner][vc_column_inner width=&#8221;1\/2&#8243; css=&#8221;.vc_custom_1568610480989{padding-right: 7px !important;padding-left: 7px !important;}&#8221; offset=&#8221;vc_col-lg-3 vc_col-md-3&#8243; custom_styles_portrait=&#8221;.vc_custom_1568610480993{padding-bottom: 15px !important;}&#8221;]<div id='rb_milestone_69da8a01ebbf8' class='rb_milestone_module'><div class='milestone_wrapper style_advanced'><div class='milestone_content'><div class='milestone_icon'><i class=\"flaticon-vector\"><\/i><\/div><div class='count_wrapper title_ff'><span class='counter'>79<\/span><span class='symbol'>%<\/span><\/div><p class='milestone_title'>Devam Eden Proje<\/p><\/div><\/div><\/div>[\/vc_column_inner][vc_column_inner width=&#8221;1\/2&#8243; css=&#8221;.vc_custom_1568610515781{padding-right: 7px !important;padding-left: 7px !important;}&#8221; offset=&#8221;vc_col-lg-3 vc_col-md-3&#8243; custom_styles_portrait=&#8221;.vc_custom_1568610515785{padding-bottom: 15px !important;}&#8221;]<div id='rb_milestone_69da8a01ebc73' class='rb_milestone_module'><div class='milestone_wrapper style_advanced'><div class='milestone_content'><div class='milestone_icon'><i class=\"flaticon-settings\"><\/i><\/div><div class='count_wrapper title_ff'><span class='counter'>39<\/span><span class='symbol'>+<\/span><\/div><p class='milestone_title'>Konferans Salonu<\/p><\/div><\/div><\/div>[\/vc_column_inner][vc_column_inner width=&#8221;1\/2&#8243; css=&#8221;.vc_custom_1568371293468{padding-right: 7px !important;padding-left: 7px !important;}&#8221; offset=&#8221;vc_col-lg-3 vc_col-md-3&#8243;]<div id='rb_milestone_69da8a01ebcda' class='rb_milestone_module'><div class='milestone_wrapper style_advanced'><div class='milestone_content'><div class='milestone_icon'><i class=\"flaticon-smile\"><\/i><\/div><div class='count_wrapper title_ff'><span class='counter'>100<\/span><span class='symbol'>%<\/span><\/div><p class='milestone_title'>M\u00fc\u015fteri memnuniyeti<\/p><\/div><\/div><\/div>[\/vc_column_inner][\/vc_row_inner][\/vc_column][\/vc_row][vc_row full_width=&#8221;stretch_row&#8221; css=&#8221;.vc_custom_1647190555337{padding-top: 100px !important;padding-bottom: 100px !important;background-color: #a3a3a3 !important;}&#8221;][vc_column width=&#8221;1\/2&#8243;]<div class='rb_textmodule_69da8a01ebd5d rb_textmodule with_icon align_left'><div class='rb_textmodule_icon shape_none'><i class='flaticon-send'><\/i><\/div><div class='rb_textmodule_info_wrapper'><h3 class='rb_textmodule_title has_divider'>Ya\u011fmur Okul Donat\u0131mlar\u0131<span class='rb_textmodule_divider'><\/span><\/h3><div class='rb_textmodule_content_wrapper'><p><span style=\"color: #ffffff;\">Ya\u011fmur okul donat\u0131mlar\u0131 olarak T\u00fcrkiye&#8217;nin her yerine hizmet etmekteyiz. E\u011fitim ara\u00e7lar\u0131yla siz de\u011ferli m\u00fc\u015fterilerimizin ihtiya\u00e7lar\u0131 do\u011frultusunda projelendirmeler yaparak. Kaliteli hizmet sunmaktay\u0131z.<br \/>\n<img loading=\"lazy\" decoding=\"async\" class=\"size-medium wp-image-1709 alignleft\" src=\"https:\/\/yagmurokuldonatimlari.com\/wp-content\/uploads\/2022\/03\/WhatsApp-Image-2022-02-21-at-12.04.50-300x300.jpeg\" alt=\"\" width=\"300\" height=\"300\" srcset=\"https:\/\/yagmurokuldonatimlari.com\/wp-content\/uploads\/2022\/03\/WhatsApp-Image-2022-02-21-at-12.04.50-300x300.jpeg 300w, https:\/\/yagmurokuldonatimlari.com\/wp-content\/uploads\/2022\/03\/WhatsApp-Image-2022-02-21-at-12.04.50-1024x1019.jpeg 1024w, https:\/\/yagmurokuldonatimlari.com\/wp-content\/uploads\/2022\/03\/WhatsApp-Image-2022-02-21-at-12.04.50-150x150.jpeg 150w, https:\/\/yagmurokuldonatimlari.com\/wp-content\/uploads\/2022\/03\/WhatsApp-Image-2022-02-21-at-12.04.50.jpeg 1080w\" sizes=\"auto, (max-width: 300px) 100vw, 300px\" \/><\/span><\/p>\n<\/div><a href='tel:904422138626' class='rb_textmodule_button rb_button arrow_fade_out medium'><span>Hemen Ara<\/span><\/a><\/div><\/div>[\/vc_column][vc_column width=&#8221;1\/2&#8243;][vc_row_inner css=&#8221;.vc_custom_1647189075753{padding-top: 40px !important;padding-right: 30px !important;padding-bottom: 40px !important;padding-left: 30px !important;}&#8221;][vc_column_inner width=&#8221;1\/2&#8243;]<a href='https:\/\/yagmurokuldonatimlari.com\/index.php\/fen-laboratuvarlari\/' target=\"_blank\" id='rb_service_69da8a01ec94e' class='rb_service_module style_icon_top shape_none hover_color '><div class=\"service_content_wrapper\"><h3 class=\"service_title\">Laboratuvar<\/h3><div class='content_wrapper'><p>Fen, Kimya, Biyoloji Laboratuvarlar\u0131.<\/p>\n<\/div><\/div><\/a><a href='https:\/\/yagmurokuldonatimlari.com\/index.php\/konforens-salonlari\/' target=\"_blank\" id='rb_service_69da8a01ecb4f' class='rb_service_module style_icon_top shape_none hover_color '><div class=\"service_content_wrapper\"><h3 class=\"service_title\">Konferans Salonlar\u0131<\/h3><div class='content_wrapper'><p>Konferans Salonlar\u0131, Koltuklar\u0131, Amfi S\u0131ralar\u0131, Sunum Cihazlar\u0131<\/p>\n<\/div><\/div><\/a>[\/vc_column_inner][vc_column_inner width=&#8221;1\/2&#8243;]<a href='https:\/\/yagmurokuldonatimlari.com\/index.php\/ofis-mobilyalari\/' target=\"_blank\" id='rb_service_69da8a01eccf6' class='rb_service_module style_icon_top shape_none hover_color '><div class=\"service_content_wrapper\"><h3 class=\"service_title\">Ofis Mobilyolar\u0131<\/h3><div class='content_wrapper'><p>\u00d6\u011fretmenler Odas\u0131, Dolaplar, Y\u00f6netici Mobilya Tak\u0131mlar\u0131.<\/p>\n<\/div><\/div><\/a><a href='https:\/\/yagmurokuldonatimlari.com\/index.php\/okul-siralari\/' target=\"_blank\" id='rb_service_69da8a01ececc' class='rb_service_module style_icon_top shape_none hover_color '><div class=\"service_content_wrapper\"><h3 class=\"service_title\">S\u0131ralar<\/h3><div class='content_wrapper'><p>E\u011fitim Ara\u00e7lar\u0131, Okul S\u0131ralar\u0131, Toplant\u0131 Masalar\u0131, K\u00fct\u00fcphane K\u00fcrs\u00fc<\/p>\n<\/div><\/div><\/a>[\/vc_column_inner][\/vc_row_inner][\/vc_column][\/vc_row][vc_row full_width=&#8221;stretch_row&#8221; content_placement=&#8221;middle&#8221; css=&#8221;.vc_custom_1568035766227{margin-bottom: -100px !important;padding-top: 50px !important;padding-bottom: 50px !important;background-image: url(https:\/\/yagmurokuldonatimlari.com\/wp-content\/uploads\/blank-00cc00.png?id=108) !important;}&#8221;][vc_column width=&#8221;2\/3&#8243;]<div class='rb_textmodule_69da8a01ecf90 rb_textmodule with_icon align_left mobile_align_center'><div class='rb_textmodule_icon shape_none'><i class='flaticon-question-1'><\/i><\/div><div class='rb_textmodule_info_wrapper'><h3 class='rb_textmodule_title '>Yard\u0131m etmek i\u00e7in buraday\u0131z<\/h3><div class='rb_textmodule_content_wrapper'><p>Hemen \u0130leti\u015fime Ge\u00e7erek \u0130ndirimli Fiyatlar\u0131m\u0131zdan Haberdar Ol.<\/p>\n<\/div><\/div><\/div>[\/vc_column][vc_column width=&#8221;1\/3&#8243;]<div id='rb_button_wrapper_69da8a01ed171' class='rb_button_wrapper '><a id='rb_button_69da8a01ed172' class='rb_button arrow_fade_out medium' href='https:\/\/yagmurokuldonatimlari.com\/index.php\/iletisim\/' target=\"_blank\"><span>\u0130leti\u015fime Ge\u00e7<\/span><\/a><\/div>[\/vc_column][\/vc_row]<\/p>\n","protected":false},"excerpt":{"rendered":"<p>[vc_row full_width=&#8221;stretch_row&#8221; css=&#8221;.vc_custom_1567775411720{margin-top: -30px !important;background-image: url(https:\/\/yagmurokuldonatimlari.com\/wp-content\/uploads\/blank-00cc00.png?id=18) !important;}&#8221;][vc_column][vc_row_inner css=&#8221;.vc_custom_1567143765880{margin-top: -70px !important;}&#8221;][vc_column_inner width=&#8221;1\/2&#8243; css=&#8221;.vc_custom_1568371354659{padding-right: 7px !important;padding-left: 7px !important;}&#8221; offset=&#8221;vc_col-lg-3 vc_col-md-3&#8243; custom_styles_portrait=&#8221;.vc_custom_1568371354665{padding-bottom: 15px !important;}&#8221;][\/vc_column_inner][vc_column_inner width=&#8221;1\/2&#8243; css=&#8221;.vc_custom_1568610480989{padding-right: 7px !important;padding-left: 7px !important;}&#8221; offset=&#8221;vc_col-lg-3 vc_col-md-3&#8243; custom_styles_portrait=&#8221;.vc_custom_1568610480993{padding-bottom: 15px !important;}&#8221;][\/vc_column_inner][vc_column_inner width=&#8221;1\/2&#8243; css=&#8221;.vc_custom_1568610515781{padding-right: 7px !important;padding-left: 7px !important;}&#8221; offset=&#8221;vc_col-lg-3 vc_col-md-3&#8243; custom_styles_portrait=&#8221;.vc_custom_1568610515785{padding-bottom: 15px !important;}&#8221;][\/vc_column_inner][vc_column_inner width=&#8221;1\/2&#8243; css=&#8221;.vc_custom_1568371293468{padding-right: 7px !important;padding-left: 7px !important;}&#8221; offset=&#8221;vc_col-lg-3 vc_col-md-3&#8243;][\/vc_column_inner][\/vc_row_inner][\/vc_column][\/vc_row][vc_row full_width=&#8221;stretch_row&#8221; css=&#8221;.vc_custom_1647190555337{padding-top: 100px !important;padding-bottom: [&hellip;]<\/p>\n","protected":false},"author":1,"featured_media":0,"parent":0,"menu_order":0,"comment_status":"closed","ping_status":"closed","template":"","meta":{"footnotes":""},"class_list":["post-1694","page","type-page","status-publish","hentry"],"_links":{"self":[{"href":"https:\/\/yagmurokuldonatimlari.com\/index.php\/wp-json\/wp\/v2\/pages\/1694","targetHints":{"allow":["GET"]}}],"collection":[{"href":"https:\/\/yagmurokuldonatimlari.com\/index.php\/wp-json\/wp\/v2\/pages"}],"about":[{"href":"https:\/\/yagmurokuldonatimlari.com\/index.php\/wp-json\/wp\/v2\/types\/page"}],"author":[{"embeddable":true,"href":"https:\/\/yagmurokuldonatimlari.com\/index.php\/wp-json\/wp\/v2\/users\/1"}],"replies":[{"embeddable":true,"href":"https:\/\/yagmurokuldonatimlari.com\/index.php\/wp-json\/wp\/v2\/comments?post=1694"}],"version-history":[{"count":50,"href":"https:\/\/yagmurokuldonatimlari.com\/index.php\/wp-json\/wp\/v2\/pages\/1694\/revisions"}],"predecessor-version":[{"id":2010,"href":"https:\/\/yagmurokuldonatimlari.com\/index.php\/wp-json\/wp\/v2\/pages\/1694\/revisions\/2010"}],"wp:attachment":[{"href":"https:\/\/yagmurokuldonatimlari.com\/index.php\/wp-json\/wp\/v2\/media?parent=1694"}],"curies":[{"name":"wp","href":"https:\/\/api.w.org\/{rel}","templated":true}]}}