{"id":1761,"date":"2022-03-13T17:17:45","date_gmt":"2022-03-13T17:17:45","guid":{"rendered":"https:\/\/yagmurokuldonatimlari.com\/?page_id=1761"},"modified":"2022-03-22T21:40:16","modified_gmt":"2022-03-22T21:40:16","slug":"iletisim","status":"publish","type":"page","link":"https:\/\/yagmurokuldonatimlari.com\/index.php\/iletisim\/","title":{"rendered":"\u0130leti\u015fim"},"content":{"rendered":"<p>[vc_row][vc_column width=&#8221;1\/2&#8243;][vc_gmaps link=&#8221;#E-8_JTNDaWZyYW1lJTIwc3JjJTNEJTIyaHR0cHMlM0ElMkYlMkZ3d3cuZ29vZ2xlLmNvbSUyRm1hcHMlMkZlbWJlZCUzRnBiJTNEJTIxMW0xOCUyMTFtMTIlMjExbTMlMjExZDE5MS4yODE4MzkyNTI4NjI4NSUyMTJkNDEuMjc4MDIyNzg2NTUwMDElMjEzZDM5LjkwNzYxNDUxMzIwNjElMjEybTMlMjExZjAlMjEyZjAlMjEzZjAlMjEzbTIlMjExaTEwMjQlMjEyaTc2OCUyMTRmMTMuMSUyMTNtMyUyMTFtMiUyMTFzMHgwJTI1M0EweDQxZjFiNzEwYTU4ZDRmMzIlMjEyc1lhJTI1QzQlMjU5Rm11ciUyNTIwUGVyZGVjaWxpayUyMTVlMCUyMTNtMiUyMTFzdHIlMjEyc3RyJTIxNHYxNjQ3OTg1MTIyMjQxJTIxNW0yJTIxMXN0ciUyMTJzdHIlMjIlMjB3aWR0aCUzRCUyMjYwMCUyMiUyMGhlaWdodCUzRCUyMjQ1MCUyMiUyMHN0eWxlJTNEJTIyYm9yZGVyJTNBMCUzQiUyMiUyMGFsbG93ZnVsbHNjcmVlbiUzRCUyMiUyMiUyMGxvYWRpbmclM0QlMjJsYXp5JTIyJTNFJTNDJTJGaWZyYW1lJTNF&#8221;][\/vc_column][vc_column width=&#8221;1\/2&#8243;]<div class='rb_textmodule_69e0e7b06e313 rb_textmodule with_subtitle'><p class='h5 rb_textmodule_subtitle'>Bize Ula\u015f\u0131n<\/p><div class='rb_textmodule_info_wrapper'><h3 class='rb_textmodule_title has_divider'>\u0130leti\u015fim Bilgileri<span class='rb_textmodule_divider'><\/span><\/h3><div class='rb_textmodule_content_wrapper'><p><strong>Adres<\/strong>: Rabia Ana, Bat Pazar\u0131 Kale Cad. Perdeciler \u00c7ar\u015f\u0131s\u0131 No:58, 25100 Erzurum Merkez\/Erzurum<\/p>\n<p><strong>E-Mail<\/strong>: bilgi@yagmurperdecilik.com<\/p>\n<p><strong>Telefon<\/strong>:\u00a0 0442 213 86 26<\/p>\n<p><strong>Telefon<\/strong>:\u00a0 0533 311 86 26<\/p>\n<\/div><\/div><\/div>[\/vc_column][\/vc_row]<\/p>\n","protected":false},"excerpt":{"rendered":"<p>[vc_row][vc_column width=&#8221;1\/2&#8243;][vc_gmaps link=&#8221;#E-8_JTNDaWZyYW1lJTIwc3JjJTNEJTIyaHR0cHMlM0ElMkYlMkZ3d3cuZ29vZ2xlLmNvbSUyRm1hcHMlMkZlbWJlZCUzRnBiJTNEJTIxMW0xOCUyMTFtMTIlMjExbTMlMjExZDE5MS4yODE4MzkyNTI4NjI4NSUyMTJkNDEuMjc4MDIyNzg2NTUwMDElMjEzZDM5LjkwNzYxNDUxMzIwNjElMjEybTMlMjExZjAlMjEyZjAlMjEzZjAlMjEzbTIlMjExaTEwMjQlMjEyaTc2OCUyMTRmMTMuMSUyMTNtMyUyMTFtMiUyMTFzMHgwJTI1M0EweDQxZjFiNzEwYTU4ZDRmMzIlMjEyc1lhJTI1QzQlMjU5Rm11ciUyNTIwUGVyZGVjaWxpayUyMTVlMCUyMTNtMiUyMTFzdHIlMjEyc3RyJTIxNHYxNjQ3OTg1MTIyMjQxJTIxNW0yJTIxMXN0ciUyMTJzdHIlMjIlMjB3aWR0aCUzRCUyMjYwMCUyMiUyMGhlaWdodCUzRCUyMjQ1MCUyMiUyMHN0eWxlJTNEJTIyYm9yZGVyJTNBMCUzQiUyMiUyMGFsbG93ZnVsbHNjcmVlbiUzRCUyMiUyMiUyMGxvYWRpbmclM0QlMjJsYXp5JTIyJTNFJTNDJTJGaWZyYW1lJTNF&#8221;][\/vc_column][vc_column width=&#8221;1\/2&#8243;][\/vc_column][\/vc_row]<\/p>\n","protected":false},"author":1,"featured_media":0,"parent":0,"menu_order":0,"comment_status":"closed","ping_status":"closed","template":"","meta":{"footnotes":""},"class_list":["post-1761","page","type-page","status-publish","hentry"],"_links":{"self":[{"href":"https:\/\/yagmurokuldonatimlari.com\/index.php\/wp-json\/wp\/v2\/pages\/1761","targetHints":{"allow":["GET"]}}],"collection":[{"href":"https:\/\/yagmurokuldonatimlari.com\/index.php\/wp-json\/wp\/v2\/pages"}],"about":[{"href":"https:\/\/yagmurokuldonatimlari.com\/index.php\/wp-json\/wp\/v2\/types\/page"}],"author":[{"embeddable":true,"href":"https:\/\/yagmurokuldonatimlari.com\/index.php\/wp-json\/wp\/v2\/users\/1"}],"replies":[{"embeddable":true,"href":"https:\/\/yagmurokuldonatimlari.com\/index.php\/wp-json\/wp\/v2\/comments?post=1761"}],"version-history":[{"count":4,"href":"https:\/\/yagmurokuldonatimlari.com\/index.php\/wp-json\/wp\/v2\/pages\/1761\/revisions"}],"predecessor-version":[{"id":2009,"href":"https:\/\/yagmurokuldonatimlari.com\/index.php\/wp-json\/wp\/v2\/pages\/1761\/revisions\/2009"}],"wp:attachment":[{"href":"https:\/\/yagmurokuldonatimlari.com\/index.php\/wp-json\/wp\/v2\/media?parent=1761"}],"curies":[{"name":"wp","href":"https:\/\/api.w.org\/{rel}","templated":true}]}}